{"id":8,"date":"2013-07-19T14:10:51","date_gmt":"2013-07-19T12:10:51","guid":{"rendered":"https:\/\/bailleux.net\/?page_id=8"},"modified":"2015-09-20T23:12:30","modified_gmt":"2015-09-20T21:12:30","slug":"home","status":"publish","type":"page","link":"https:\/\/bailleux.net\/pagepro\/","title":{"rendered":"Bienvenue"},"content":{"rendered":"<p>Bonjour, je suis ma\u00eetre de conf\u00e9rences habilit\u00e9 \u00e0 diriger des recherche \u00e0 la facult\u00e9 des sciences et techniques de l&rsquo;universit\u00e9 de Bourgogne. Mon m\u00e9tier comporte deux facettes : l&rsquo;enseignement et la recherche.<\/p>\n<h1><span style=\"color: #437ba3;\">Recherche<\/span><\/h1>\n<p style=\"text-align: justify;\">Je travaille actuellement sur diff\u00e9rents aspects de la r\u00e9solution de probl\u00e8mes combinatoire sp\u00e9cifi\u00e9 \u00e0 l&rsquo;aide de variables Bool\u00e9ennes, notamment avec des contraintes exprim\u00e9es en logique propositionnelle et des contraintes pseudo-Bool\u00e9ennes.<\/p>\n<h1><span style=\"color: #437ba3;\">Enseignement<\/span><\/h1>\n<p style=\"text-align: justify;\">A l&rsquo;universit\u00e9, le temps pass\u00e9 en classe ne repr\u00e9sente environ la moiti\u00e9 du volume de travail des \u00e9tudiants (le reste \u00e9tant consacr\u00e9 au travail personnel) et seulement 20% du volume de travail des enseignants (le reste \u00e9tant consacr\u00e9 notamment \u00e0 la pr\u00e9paration des enseignements, \u00e0 la conception des documents p\u00e9dagogiques, des sujets d&rsquo;examen et de contr\u00f4le continu, et aux corrections).<\/p>\n<p style=\"text-align: justify;\">Mes domaines d&rsquo;enseignement sont les suivants :<\/p>\n<ul>\n<li style=\"text-align: justify;\">Programmation en langages C et C++ en deuxi\u00e8me ann\u00e9e de licence.<\/li>\n<li style=\"text-align: justify;\">Programmation orient\u00e9e objet en licence professionnelle.<\/li>\n<li style=\"text-align: justify;\">Programmation logique et programmation fonctionnelle en troisi\u00e8me ann\u00e9e de licence.<\/li>\n<li style=\"text-align: justify;\">Programmation par contrainte en deuxi\u00e8me ann\u00e9e de master.<\/li>\n<\/ul>\n<p>Je vous invite \u00e0 visiter mon <a href=\"https:\/\/bailleux.net\/blog\/\">blog professionnel<\/a>.<\/p>\n","protected":false},"excerpt":{"rendered":"<p>Bonjour, je suis ma\u00eetre de conf\u00e9rences habilit\u00e9 \u00e0 diriger des recherche \u00e0 la facult\u00e9 des sciences et techniques de l&rsquo;universit\u00e9 de Bourgogne. Mon m\u00e9tier comporte deux facettes : l&rsquo;enseignement et la recherche. Recherche Je travaille actuellement sur diff\u00e9rents aspects de la r\u00e9solution de probl\u00e8mes combinatoire sp\u00e9cifi\u00e9 \u00e0 l&rsquo;aide de variables Bool\u00e9ennes, notamment avec des contraintes [&hellip;]<\/p>\n","protected":false},"author":1,"featured_media":0,"parent":0,"menu_order":0,"comment_status":"closed","ping_status":"closed","template":"","meta":{"footnotes":""},"class_list":["post-8","page","type-page","status-publish","hentry"],"_links":{"self":[{"href":"https:\/\/bailleux.net\/pagepro\/wp-json\/wp\/v2\/pages\/8","targetHints":{"allow":["GET"]}}],"collection":[{"href":"https:\/\/bailleux.net\/pagepro\/wp-json\/wp\/v2\/pages"}],"about":[{"href":"https:\/\/bailleux.net\/pagepro\/wp-json\/wp\/v2\/types\/page"}],"author":[{"embeddable":true,"href":"https:\/\/bailleux.net\/pagepro\/wp-json\/wp\/v2\/users\/1"}],"replies":[{"embeddable":true,"href":"https:\/\/bailleux.net\/pagepro\/wp-json\/wp\/v2\/comments?post=8"}],"version-history":[{"count":37,"href":"https:\/\/bailleux.net\/pagepro\/wp-json\/wp\/v2\/pages\/8\/revisions"}],"predecessor-version":[{"id":261,"href":"https:\/\/bailleux.net\/pagepro\/wp-json\/wp\/v2\/pages\/8\/revisions\/261"}],"wp:attachment":[{"href":"https:\/\/bailleux.net\/pagepro\/wp-json\/wp\/v2\/media?parent=8"}],"curies":[{"name":"wp","href":"https:\/\/api.w.org\/{rel}","templated":true}]}}