{"id":143,"date":"2013-07-24T18:01:45","date_gmt":"2013-07-24T16:01:45","guid":{"rendered":"https:\/\/bailleux.net\/?page_id=143"},"modified":"2015-01-30T15:14:58","modified_gmt":"2015-01-30T14:14:58","slug":"bio","status":"publish","type":"page","link":"https:\/\/bailleux.net\/pagepro\/bio\/","title":{"rendered":"Biographie professionnelle"},"content":{"rendered":"<p>Je pr\u00e9sente ici de mani\u00e8re synth\u00e9tique mon cursus professionnel, qui est un peu atypique. Un CV un peu plus d\u00e9taill\u00e9 est accessible <a title=\"ici\" href=\"https:\/\/bailleux.net\/wp-content\/uploads\/2013\/07\/cvob.pdf\" target=\"_blank\">ici<\/a>.<\/p>\n<h3>Premi\u00e8re p\u00e9riode : formation initiale.<\/h3>\n<p style=\"text-align: justify;\">Bac technique puis BTS \u00e9lectronique en <strong>1985<\/strong>. Passionn\u00e9 d&rsquo;\u00e9lectronique, je fais le choix de l&rsquo;entr\u00e9e dans la vie professionnelle apr\u00e8s des \u00e9tudes \u00ab\u00a0courtes\u00a0\u00bb.<\/p>\n<h3 style=\"text-align: justify;\">Deuxi\u00e8me p\u00e9riode : TEB<\/h3>\n<p style=\"text-align: justify;\">De <strong>1986<\/strong> \u00e0 <strong>1990<\/strong>, je&rsquo;occupe un poste de technicien d&rsquo;\u00e9tudes chez Technique Electronique Bourgogne, une PME sp\u00e9cialis\u00e9e dans la conception, l&rsquo;installation et la maintenance de syst\u00e8mes robotis\u00e9s de surveillance vid\u00e9o. J&rsquo;assure notamment la conception de syst\u00e8mes \u00e0 micro-contr\u00f4leurs d\u00e9di\u00e9s au contr\u00f4le \u00e0 distance de cam\u00e9ras mont\u00e9es sur rails.<\/p>\n<h3 style=\"text-align: justify;\">Troisi\u00e8me p\u00e9riode : Etudes en Informatique.<\/h3>\n<p style=\"text-align: justify;\">De <strong>1991<\/strong> \u00e0 <strong>1996<\/strong>, je reprends mes \u00e9tudes en pr\u00e9parant une licence, puis une ma\u00eetrise, un DEA et un doctorat en informatique \u00e0 l&rsquo;universit\u00e9 de Bourgogne. Je soutiens ma th\u00e8se de doctorat en 1996, sous la direction du professeur Jean-Jacques Chabrier.<\/p>\n<h3 style=\"text-align: justify;\">Quatri\u00e8me p\u00e9riode : Ma\u00eetre de conf\u00e9rences \u00e0 Lens.<\/h3>\n<p style=\"text-align: justify;\">Recrut\u00e9 en <strong>1996<\/strong> \u00e0 l&rsquo;universit\u00e9 d&rsquo;Artois, j&rsquo;y assure des responsabilit\u00e9s d&rsquo;enseignement en licence et ma\u00eetrise d&rsquo;informatique jusqu&rsquo;en <strong>2001<\/strong>. Pendant la m\u00eame p\u00e9riode, je fais des recherches sur SAT (probl\u00e8me de satisfaisabilit\u00e9 propositionnelle) et autre probl\u00e8me connexes \u00e0 variables Bool\u00e9ennes au CRIL (Centre de Recherche en Informatique de Lens).<\/p>\n<h3 style=\"text-align: justify;\">Cinqui\u00e8me p\u00e9riode : Ma\u00eetre de conf\u00e9rences \u00e0 Dijon.<\/h3>\n<p style=\"text-align: justify;\">J&rsquo;arrive en mutation \u00e0 l&rsquo;universit\u00e9 de Bourgogne en <strong>2001<\/strong> ou je continue mes recherches au LERSIA, une \u00e9quipe d&rsquo;accueil sp\u00e9cialis\u00e9e dans les syst\u00e8mes intelligents et leurs application. Je co-encadre les th\u00e8ses d&rsquo;Emmanuel Sapin et d&rsquo;Alain Sidaner, puis je soutiens une habilitation \u00e0 diriger des recherches sous la tutelle de Jean-Jacques Chabrier. Apr\u00e8s la dissolution du LERSIA, je fais le choix de rester \u00ab\u00a0hors laboratoire\u00a0\u00bb pour pouvoir consacrer tout mon temps de recherche \u00e0 la th\u00e9matique que j&rsquo;ai contribu\u00e9 \u00e0 introduire : les techniques traduction de contraintes, notamment en clauses propositionnelles, permettant de conserver la puissance de d\u00e9duction des propagateurs associ\u00e9s aux contraintes d&rsquo;origine.<\/p>\n<p style=\"text-align: justify;\">Parall\u00e8lement, j&rsquo;assure diff\u00e9rentes responsabilit\u00e9s d&rsquo;enseignement, notamment en L2, L3 g\u00e9n\u00e9rale parcours informatique, M2 professionnel et et licence professionnelles Syst\u00e8mes Informatiques et Logiciels.<\/p>\n","protected":false},"excerpt":{"rendered":"<p>Je pr\u00e9sente ici de mani\u00e8re synth\u00e9tique mon cursus professionnel, qui est un peu atypique. Un CV un peu plus d\u00e9taill\u00e9 est accessible ici. Premi\u00e8re p\u00e9riode : formation initiale. Bac technique puis BTS \u00e9lectronique en 1985. Passionn\u00e9 d&rsquo;\u00e9lectronique, je fais le choix de l&rsquo;entr\u00e9e dans la vie professionnelle apr\u00e8s des \u00e9tudes \u00ab\u00a0courtes\u00a0\u00bb. Deuxi\u00e8me p\u00e9riode : TEB [&hellip;]<\/p>\n","protected":false},"author":1,"featured_media":0,"parent":0,"menu_order":0,"comment_status":"closed","ping_status":"open","template":"","meta":{"footnotes":""},"class_list":["post-143","page","type-page","status-publish","hentry"],"_links":{"self":[{"href":"https:\/\/bailleux.net\/pagepro\/wp-json\/wp\/v2\/pages\/143","targetHints":{"allow":["GET"]}}],"collection":[{"href":"https:\/\/bailleux.net\/pagepro\/wp-json\/wp\/v2\/pages"}],"about":[{"href":"https:\/\/bailleux.net\/pagepro\/wp-json\/wp\/v2\/types\/page"}],"author":[{"embeddable":true,"href":"https:\/\/bailleux.net\/pagepro\/wp-json\/wp\/v2\/users\/1"}],"replies":[{"embeddable":true,"href":"https:\/\/bailleux.net\/pagepro\/wp-json\/wp\/v2\/comments?post=143"}],"version-history":[{"count":15,"href":"https:\/\/bailleux.net\/pagepro\/wp-json\/wp\/v2\/pages\/143\/revisions"}],"predecessor-version":[{"id":224,"href":"https:\/\/bailleux.net\/pagepro\/wp-json\/wp\/v2\/pages\/143\/revisions\/224"}],"wp:attachment":[{"href":"https:\/\/bailleux.net\/pagepro\/wp-json\/wp\/v2\/media?parent=143"}],"curies":[{"name":"wp","href":"https:\/\/api.w.org\/{rel}","templated":true}]}}